{"id":3,"date":"2024-09-28T22:49:49","date_gmt":"2024-09-28T22:49:49","guid":{"rendered":"http:\/\/ra-herunter.at\/?page_id=3"},"modified":"2025-09-03T09:23:35","modified_gmt":"2025-09-03T09:23:35","slug":"impressum","status":"publish","type":"page","link":"https:\/\/www.ra-herunter.at\/index.php\/impressum\/","title":{"rendered":"Impressum"},"content":{"rendered":"\t\t<div data-elementor-type=\"wp-page\" data-elementor-id=\"3\" class=\"elementor elementor-3\">\n\t\t\t\t<div class=\"elementor-element elementor-element-244468cb e-flex e-con-boxed e-con e-parent\" data-id=\"244468cb\" data-element_type=\"container\">\n\t\t\t\t\t<div class=\"e-con-inner\">\n\t\t\t\t<div class=\"elementor-element elementor-element-731968bc de_scroll_animation_no elementor-widget elementor-widget-text-editor\" data-id=\"731968bc\" data-element_type=\"widget\" data-widget_type=\"text-editor.default\">\n\t\t\t\t<div class=\"elementor-widget-container\">\n\t\t\t\t\t\t\t\t\t\n<h2 class=\"wp-block-heading has-text-align-left\"><strong><strong>F\u00fcr den Inhalt verantwortlich:<\/strong><\/strong><\/h2>\n\n<p>Maier-Herunter &amp; Partner Rechtsanw\u00e4ltinnen OG<\/p>\n\n<p>Herunterplatz 1, 8580 K\u00f6flach<\/p>\n\n<p>+43 3144 \/ 50 60<\/p>\n\n<p>UID-Nr.: ATU82361105<\/p>\n\n<p><a href=\"mailto:ra.office@ra-herunter.at\">ra.office@ra-herunter.at<\/a><\/p>\n\n<p><a href=\"http:\/\/www.ra-herunter.at\">http:\/\/www.ra-herunter.at<\/a><\/p>\n\n<h2 class=\"wp-block-heading has-text-align-left\"><strong><strong>Information gem \u00a7 5 ECG:<\/strong><\/strong><\/h2>\n\n<p>Maier-Herunter &amp; Partner Rechtsanw\u00e4ltinnen OG<\/p>\n\n<p>Mitglieder der Rechtsanwaltskammer Steiermark<\/p>\n\n<p>Berufsrechtliche Vorschriften (RAO, EuRAG, RATG)<\/p>\n\n<p><a href=\"http:\/\/www.ris.bka.gv.at\/\" target=\"_blank\" rel=\"noreferrer noopener\">www.ris.bka.gv.at<\/a><\/p>\n\n<p>vom \u00d6RAK erlassene Richtlinien zur Berufsaus\u00fcbung, Autonome Honorarrichtlinien (RL-BA, AHR)<\/p>\n\n<p><a href=\"http:\/\/www.oerak.or.at\/\" target=\"_blank\" rel=\"noreferrer noopener\">www.oerak.or.at<\/a><\/p>\n\n<h2 class=\"wp-block-heading has-text-align-left\"><strong>Urheberrechts\u00adhinweis:<\/strong><\/h2>\n\n<p>Die Inhalte und die Gestaltung dieser Website sind urheberrechtlich gesch\u00fctzt. Alle Rechte sind vorbehalten. Kein Teil dieser Seiten darf in irgendeiner Form ohne schriftliche Genehmigung von der Maier-Herunter &amp; Partner Rechtsanw\u00e4ltinnen OG bearbeitet, reproduziert, vervielf\u00e4ltigt oder verbreitet werden.<\/p>\n\n<h1 class=\"wp-block-heading\">Datenschutz<\/h1>\n\n<h3 class=\"wp-block-heading has-text-align-left\"><strong><strong>1. Verantwortlicher Datenverarbeiter (Auftragnehmer)<\/strong><\/strong><\/h3>\n\n<p>Maier-Herunter &amp; Partner Rechtsanw\u00e4ltinnen OG<\/p>\n\n<p>Herunterplatz 1, 8580 K\u00f6flach<\/p>\n\n<h3 class=\"wp-block-heading has-text-align-left\"><strong><strong><strong>2. Herkunft der Daten und Zweck der Datenerfassung:<\/strong><\/strong><\/strong><\/h3>\n\n<p>\u200b2.1. Ihre personenbezogenen Daten werden im Rahmen der Bearbeitung des Mandatsvertrages verarbeitet, weil Sie uns pers\u00f6nlich kontaktiert und beauftragt haben oder weil wir Ihre Daten von dritter Seite erhalten haben, um Ihre Interessen wahrzunehmen. Beispielsweise erhalten wir Daten von dritter Seite bei Vertragserrichtungen von Bautr\u00e4gern und Maklern; bei Inkassomandaten von Banken, Versicherungen, Inkassob\u00fcros; bei Insolvenzverwaltungen vom Gericht und den Gl\u00e4ubigerschutzverb\u00e4nden; bei sonstigen Mandaten \u00fcber Versicherungen (insbesondere Rechtsschutz- und Haftpflichtversicherungen) oder durch Empfehlung anderer Mandanten.<\/p>\n\n<p><br \/>2.2. Als Rechtsanw\u00e4lte unterliegen wir gem. \u00a7 9 RAO der beruflichen Verschwiegenheitspflicht. Wir sind im Rahmen des Art 14 Abs 5 DSGVO nicht verpflichtet, Informationen \u00fcber die Herkunft der Daten zu geben.<\/p>\n\n<p>2.3. Wir verarbeiten Ihre Daten zur Erf\u00fcllung und nach Ma\u00dfgabe des mit Ihnen geschlossenen Mandatsvertrages (Art 6 Abs 1 Lit b DSGVO) und den einschl\u00e4gigen gesetzlichen Bestimmungen, insbesondere der Richtlinien zur Berufsaus\u00fcbung (RL-BA) und der Rechtsanwaltsordnung (RAO). Dar\u00fcber hinaus verarbeiten wir Ihre Daten (bis zum Ende der Speicherdauer) aufgrund eines berechtigten Interesses nach Art 6 Abs 1 lit f DSGVO zur Durchsetzung von Rechtsanspr\u00fcchen oder Wahrung von rechtlichen Verpflichtungen (auch gegen\u00fcber Ihren Vertragspartnern, wie etwa Versicherern)<br \/>Wenn Sie uns Ihre Daten nicht zur Verarbeitung zur Verf\u00fcgung stellen oder Ihre erteilte Einwilligung widerrufen, k\u00f6nnen wir den Mandatsvertrag und damit Ihren Auftrag nicht erf\u00fcllen. Auch der Widerruf einer erteilten Einwilligung \u00e4ndert nichts an der Rechtm\u00e4\u00dfigkeit der vorangehenden Verarbeitungst\u00e4tigkeiten sowie weiterer Verarbeitungst\u00e4tigkeiten, die nach dem Gesetz und der DSGVO auch ohne Einwilligung zul\u00e4ssig sind.<\/p>\n\n<h3 class=\"wp-block-heading has-text-align-left\"><strong><strong><strong><strong>3. Erfasste Kategorien von Daten:<\/strong><\/strong><\/strong><\/strong><\/h3>\n\n<p>Bei s\u00e4mtlichen Mandaten:<br \/>\u2022 Name (Gesellschaften oder Vereine: Name vertretungsberechtigter Personen oder Kontaktpersonen)<br \/>\u2022 Adresse<br \/>\u2022 E-Mail- Adresse<br \/>\u2022 Telefonnummer<br \/>\u2022 Geburtsdatum (wenn erforderlich)<br \/>\u2022 Bankverbindung (wenn erforderlich)<br \/><br \/>Bei Vertragserrichtungen und Insolvenzverwaltungen zus\u00e4tzlich:<br \/>\u2022 Sozialversicherungsnummer<br \/>\u2022 Geburtsdatum<br \/>\u2022 Bankverbindung<br \/>\u2022 Nationalit\u00e4t<\/p>\n\n<h3 class=\"wp-block-heading has-text-align-left\"><strong><strong><strong><strong><strong>4. Weitergabe von Daten:<\/strong><\/strong><\/strong><\/strong><\/strong><\/h3>\n\n<p>Im Rahmen der Bearbeitung von Mandaten geben wir personenbezogene Daten an nachstehende Stellen\/Institutionen weiter, soweit dies im Einzelfall zur Erf\u00fcllung unseres Auftrages erforderlich und im Rahmen unserer Verschwiegenheitspflicht zul\u00e4ssig ist:<br \/><br \/>Gerichte, Beh\u00f6rden, Versicherungen (inbesondere Haftpflicht- und Rechtsschutzversicherungen), Finanzamt (Rechnungslegungsnachweise gem. BAO, Erstellung der Grunderwerbssteuer, Insolvenzen); unseren Steuerberater (\u00dcbermittlung von Honorarnoten im Rahmen unserer Buchhaltung), gegnerische Parteien und deren Vertreter; sonstige Institutionen, deren Einbindung dem Vertretungsauftrag entspricht, zB Register f\u00fcr Patientenverf\u00fcgungen, Testamente oder Vorsorgevollmachten.<br \/><br \/>Bei Insolvenzen zus\u00e4tzlich:<br \/>Sozialversicherungstr\u00e4ger, Gl\u00e4ubigerschutzverb\u00e4nde, Arbeitsmarktservice, Banken<br \/><br \/>Bei Vertragserrichtungen zus\u00e4tzlich:<br \/>Gemeinden (Magistrate), Bezirksverwaltungsbeh\u00f6rden (Grundverkehr), Landwirtschaftskammer (zB. bei Stammsitzliegenschaften); Banken und deren Treuh\u00e4nder (bei Pfandrechten mit\/ohne Kautionsband, Treuhandkonten), Ausschuss der Rechtsanwaltskammer (im Rahmen der Treuhandrevision), Notare, Archivium.<\/p>\n\n<h3 class=\"wp-block-heading has-text-align-left\"><strong><strong><strong><strong><strong><strong>5. Dauer der Datenerfassung:<\/strong><\/strong><\/strong><\/strong><\/strong><\/strong><\/h3>\n\n<p>Ihre personenbezogenen Daten werden aufgrund der anzuwendenden gesetzlichen Bestimmungen (\u00a7 1489 ABGB) bzw Aufbewahrungspflichten (nach der Bundesabgabenordnung und der Rechtsanwaltsordnung) auch nach Beendigung des Mandatsverh\u00e4ltnisses f\u00fcr eine Dauer zumindest 7 Jahren, maximal aber 30 Jahren gespeichert, da f\u00fcr die Durchsetzung und Abwehr von Rechtsanspr\u00fcchen eine allgemeine Verj\u00e4hrungsfrist in der Dauer von 30 Jahren besteht.<\/p>\n\n<h3 class=\"wp-block-heading has-text-align-left\"><strong><strong><strong><strong><strong><strong><strong>6. Betroffenenrechte:<\/strong><\/strong><\/strong><\/strong><\/strong><\/strong><\/strong><\/h3>\n\n<p>Sie haben das Recht<br \/>\u2022 auf Auskunft \u00fcber Ihre bei uns gespeicherten personenbezogenen Daten (Art 15 DSGVO)<br \/>\u2022 auf Berichtigung dieser Daten (Art 16 DSGVO)<br \/>\u2022 auf L\u00f6schung dieser Daten (Art 17 DSGVO), sofern dem keine berechtigten Interessen entgegenstehen)<br \/>\u2022 auf Einschr\u00e4nkung der Verarbeitung dieser Daten (Art 18 DSGVO)<br \/>\u2022 auf \u00dcbertragbarkeit dieser Daten (Art 20 DSGVO) in einem g\u00e4ngigen elektronischen Format<br \/>\u2022 auf Widerspruch gegen die Verarbeitung Ihrer Daten (Art 21 DSGVO)<br \/><br \/>Wenn Sie Ihre Einwilligung zur Verarbeitung Ihrer personenbezogenen Daten widerrufen (Art 7 Abs.3 DSGVO) ber\u00fchrt das nicht die Rechtm\u00e4\u00dfigkeit der bis zum Widerruf auf Basis Ihrer Einwilligung erfolgten Verarbeitung.<br \/>F\u00fcr einen Widerruf oder einen sonstigen Antrag senden Sie bitte eine formlose Mitteilung vor allem an jene Kanzleiniederlassung, mit der Sie in Kontakt stehen.<\/p>\n\n<h3 class=\"wp-block-heading has-text-align-left\"><strong><strong><strong><strong><strong><strong><strong><strong>7. Automatisierte Entscheidungsfindungsmechanismen und Profiling:<\/strong><\/strong><\/strong><\/strong><\/strong><\/strong><\/strong><\/strong><\/h3>\n\n<p>Derartige Verarbeitungen Ihrer personenbezogenen Daten werden bei uns nicht durchgef\u00fchrt.<\/p>\n\n<h3 class=\"wp-block-heading has-text-align-left\"><strong><strong><strong><strong><strong><strong><strong><strong><strong>8. Beschwerdestelle und Aufsichtsbeh\u00f6rde:<\/strong><\/strong><\/strong><\/strong><\/strong><\/strong><\/strong><\/strong><\/strong><\/h3>\n\n<p>Sie haben das Recht, sich im Falle von Beschwerden an folgende Aufsichtsbeh\u00f6rde zu wenden:<br \/><br \/>\u00d6sterreichische Datenschutzbeh\u00f6rde<br \/>Wickenburggasse 8, 1080 Wien<br \/>Telefon: +43 1 52 152-0<br \/>E-Mail:\u00a0<a href=\"mailto:dsb@dsb.gv.at\">dsb@dsb.gv.at<\/a><\/p>\n\n<p>\u00a0<\/p>\n\t\t\t\t\t\t\t\t<\/div>\n\t\t\t\t<\/div>\n\t\t\t\t\t<\/div>\n\t\t\t\t<\/div>\n\t\t\t\t<\/div>\n\t\t","protected":false},"excerpt":{"rendered":"<p>F\u00fcr den Inhalt verantwortlich: Maier-Herunter &amp; Partner Rechtsanw\u00e4ltinnen OG Herunterplatz 1, 8580 K\u00f6flach +43 3144 \/ 50 60 UID-Nr.: ATU82361105 ra.office@ra-herunter.at http:\/\/www.ra-herunter.at Information gem \u00a7 5 ECG: Maier-Herunter &amp; Partner Rechtsanw\u00e4ltinnen OG Mitglieder der Rechtsanwaltskammer Steiermark Berufsrechtliche Vorschriften (RAO, EuRAG, RATG) www.ris.bka.gv.at vom \u00d6RAK erlassene Richtlinien zur Berufsaus\u00fcbung, Autonome Honorarrichtlinien (RL-BA, AHR) www.oerak.or.at Urheberrechts\u00adhinweis: Die [&hellip;]<\/p>\n","protected":false},"author":1,"featured_media":0,"parent":0,"menu_order":0,"comment_status":"closed","ping_status":"closed","template":"","meta":{"footnotes":""},"class_list":["post-3","page","type-page","status-publish","hentry"],"yoast_head":"<!-- This site is optimized with the Yoast SEO plugin v23.5 - https:\/\/yoast.com\/wordpress\/plugins\/seo\/ -->\n<title>Impressum - Maier-Herunter &amp; Partner Rechtsanw\u00e4ltinnen OG - Ihre Anw\u00e4lte in K\u00f6flach<\/title>\n<meta name=\"robots\" content=\"index, follow, max-snippet:-1, max-image-preview:large, max-video-preview:-1\" \/>\n<link rel=\"canonical\" href=\"https:\/\/www.ra-herunter.at\/index.php\/impressum\/\" \/>\n<meta property=\"og:locale\" content=\"de_DE\" \/>\n<meta property=\"og:type\" content=\"article\" \/>\n<meta property=\"og:title\" content=\"Impressum - Maier-Herunter &amp; Partner Rechtsanw\u00e4ltinnen OG - Ihre Anw\u00e4lte in K\u00f6flach\" \/>\n<meta property=\"og:description\" content=\"F\u00fcr den Inhalt verantwortlich: Maier-Herunter &amp; Partner Rechtsanw\u00e4ltinnen OG Herunterplatz 1, 8580 K\u00f6flach +43 3144 \/ 50 60 UID-Nr.: ATU82361105 ra.office@ra-herunter.at http:\/\/www.ra-herunter.at Information gem \u00a7 5 ECG: Maier-Herunter &amp; Partner Rechtsanw\u00e4ltinnen OG Mitglieder der Rechtsanwaltskammer Steiermark Berufsrechtliche Vorschriften (RAO, EuRAG, RATG) www.ris.bka.gv.at vom \u00d6RAK erlassene Richtlinien zur Berufsaus\u00fcbung, Autonome Honorarrichtlinien (RL-BA, AHR) www.oerak.or.at Urheberrechts\u00adhinweis: Die [&hellip;]\" \/>\n<meta property=\"og:url\" content=\"https:\/\/www.ra-herunter.at\/index.php\/impressum\/\" \/>\n<meta property=\"og:site_name\" content=\"Maier-Herunter &amp; Partner Rechtsanw\u00e4ltinnen OG - Ihre Anw\u00e4lte in K\u00f6flach\" \/>\n<meta property=\"article:modified_time\" content=\"2025-09-03T09:23:35+00:00\" \/>\n<meta name=\"twitter:card\" content=\"summary_large_image\" \/>\n<meta name=\"twitter:label1\" content=\"Gesch\u00e4tzte Lesezeit\" \/>\n\t<meta name=\"twitter:data1\" content=\"5\u00a0Minuten\" \/>\n<script type=\"application\/ld+json\" class=\"yoast-schema-graph\">{\"@context\":\"https:\/\/schema.org\",\"@graph\":[{\"@type\":\"WebPage\",\"@id\":\"https:\/\/www.ra-herunter.at\/index.php\/impressum\/\",\"url\":\"https:\/\/www.ra-herunter.at\/index.php\/impressum\/\",\"name\":\"Impressum - Maier-Herunter &amp; Partner Rechtsanw\u00e4ltinnen OG - Ihre Anw\u00e4lte in K\u00f6flach\",\"isPartOf\":{\"@id\":\"https:\/\/www.ra-herunter.at\/#website\"},\"datePublished\":\"2024-09-28T22:49:49+00:00\",\"dateModified\":\"2025-09-03T09:23:35+00:00\",\"breadcrumb\":{\"@id\":\"https:\/\/www.ra-herunter.at\/index.php\/impressum\/#breadcrumb\"},\"inLanguage\":\"de\",\"potentialAction\":[{\"@type\":\"ReadAction\",\"target\":[\"https:\/\/www.ra-herunter.at\/index.php\/impressum\/\"]}]},{\"@type\":\"BreadcrumbList\",\"@id\":\"https:\/\/www.ra-herunter.at\/index.php\/impressum\/#breadcrumb\",\"itemListElement\":[{\"@type\":\"ListItem\",\"position\":1,\"name\":\"Startseite\",\"item\":\"https:\/\/www.ra-herunter.at\/\"},{\"@type\":\"ListItem\",\"position\":2,\"name\":\"Impressum\"}]},{\"@type\":\"WebSite\",\"@id\":\"https:\/\/www.ra-herunter.at\/#website\",\"url\":\"https:\/\/www.ra-herunter.at\/\",\"name\":\"Maier-Herunter &amp; Partner Rechtsanw\u00e4ltinnen OG - Ihre Anw\u00e4lte in K\u00f6flach\",\"description\":\"\",\"potentialAction\":[{\"@type\":\"SearchAction\",\"target\":{\"@type\":\"EntryPoint\",\"urlTemplate\":\"https:\/\/www.ra-herunter.at\/?s={search_term_string}\"},\"query-input\":{\"@type\":\"PropertyValueSpecification\",\"valueRequired\":true,\"valueName\":\"search_term_string\"}}],\"inLanguage\":\"de\"}]}<\/script>\n<!-- \/ Yoast SEO plugin. -->","yoast_head_json":{"title":"Impressum - Maier-Herunter &amp; Partner Rechtsanw\u00e4ltinnen OG - Ihre Anw\u00e4lte in K\u00f6flach","robots":{"index":"index","follow":"follow","max-snippet":"max-snippet:-1","max-image-preview":"max-image-preview:large","max-video-preview":"max-video-preview:-1"},"canonical":"https:\/\/www.ra-herunter.at\/index.php\/impressum\/","og_locale":"de_DE","og_type":"article","og_title":"Impressum - Maier-Herunter &amp; Partner Rechtsanw\u00e4ltinnen OG - Ihre Anw\u00e4lte in K\u00f6flach","og_description":"F\u00fcr den Inhalt verantwortlich: Maier-Herunter &amp; Partner Rechtsanw\u00e4ltinnen OG Herunterplatz 1, 8580 K\u00f6flach +43 3144 \/ 50 60 UID-Nr.: ATU82361105 ra.office@ra-herunter.at http:\/\/www.ra-herunter.at Information gem \u00a7 5 ECG: Maier-Herunter &amp; Partner Rechtsanw\u00e4ltinnen OG Mitglieder der Rechtsanwaltskammer Steiermark Berufsrechtliche Vorschriften (RAO, EuRAG, RATG) www.ris.bka.gv.at vom \u00d6RAK erlassene Richtlinien zur Berufsaus\u00fcbung, Autonome Honorarrichtlinien (RL-BA, AHR) www.oerak.or.at Urheberrechts\u00adhinweis: Die [&hellip;]","og_url":"https:\/\/www.ra-herunter.at\/index.php\/impressum\/","og_site_name":"Maier-Herunter &amp; Partner Rechtsanw\u00e4ltinnen OG - Ihre Anw\u00e4lte in K\u00f6flach","article_modified_time":"2025-09-03T09:23:35+00:00","twitter_card":"summary_large_image","twitter_misc":{"Gesch\u00e4tzte Lesezeit":"5\u00a0Minuten"},"schema":{"@context":"https:\/\/schema.org","@graph":[{"@type":"WebPage","@id":"https:\/\/www.ra-herunter.at\/index.php\/impressum\/","url":"https:\/\/www.ra-herunter.at\/index.php\/impressum\/","name":"Impressum - Maier-Herunter &amp; Partner Rechtsanw\u00e4ltinnen OG - Ihre Anw\u00e4lte in K\u00f6flach","isPartOf":{"@id":"https:\/\/www.ra-herunter.at\/#website"},"datePublished":"2024-09-28T22:49:49+00:00","dateModified":"2025-09-03T09:23:35+00:00","breadcrumb":{"@id":"https:\/\/www.ra-herunter.at\/index.php\/impressum\/#breadcrumb"},"inLanguage":"de","potentialAction":[{"@type":"ReadAction","target":["https:\/\/www.ra-herunter.at\/index.php\/impressum\/"]}]},{"@type":"BreadcrumbList","@id":"https:\/\/www.ra-herunter.at\/index.php\/impressum\/#breadcrumb","itemListElement":[{"@type":"ListItem","position":1,"name":"Startseite","item":"https:\/\/www.ra-herunter.at\/"},{"@type":"ListItem","position":2,"name":"Impressum"}]},{"@type":"WebSite","@id":"https:\/\/www.ra-herunter.at\/#website","url":"https:\/\/www.ra-herunter.at\/","name":"Maier-Herunter &amp; Partner Rechtsanw\u00e4ltinnen OG - Ihre Anw\u00e4lte in K\u00f6flach","description":"","potentialAction":[{"@type":"SearchAction","target":{"@type":"EntryPoint","urlTemplate":"https:\/\/www.ra-herunter.at\/?s={search_term_string}"},"query-input":{"@type":"PropertyValueSpecification","valueRequired":true,"valueName":"search_term_string"}}],"inLanguage":"de"}]}},"_links":{"self":[{"href":"https:\/\/www.ra-herunter.at\/index.php\/wp-json\/wp\/v2\/pages\/3","targetHints":{"allow":["GET"]}}],"collection":[{"href":"https:\/\/www.ra-herunter.at\/index.php\/wp-json\/wp\/v2\/pages"}],"about":[{"href":"https:\/\/www.ra-herunter.at\/index.php\/wp-json\/wp\/v2\/types\/page"}],"author":[{"embeddable":true,"href":"https:\/\/www.ra-herunter.at\/index.php\/wp-json\/wp\/v2\/users\/1"}],"replies":[{"embeddable":true,"href":"https:\/\/www.ra-herunter.at\/index.php\/wp-json\/wp\/v2\/comments?post=3"}],"version-history":[{"count":7,"href":"https:\/\/www.ra-herunter.at\/index.php\/wp-json\/wp\/v2\/pages\/3\/revisions"}],"predecessor-version":[{"id":423,"href":"https:\/\/www.ra-herunter.at\/index.php\/wp-json\/wp\/v2\/pages\/3\/revisions\/423"}],"wp:attachment":[{"href":"https:\/\/www.ra-herunter.at\/index.php\/wp-json\/wp\/v2\/media?parent=3"}],"curies":[{"name":"wp","href":"https:\/\/api.w.org\/{rel}","templated":true}]}}